{"id":639,"date":"2018-01-24T23:17:22","date_gmt":"2018-01-24T20:17:22","guid":{"rendered":"http:\/\/www.ergotoyol.com.tr\/en\/?page_id=639"},"modified":"2018-02-16T12:13:47","modified_gmt":"2018-02-16T09:13:47","slug":"news","status":"publish","type":"page","link":"http:\/\/www.ergotoyol.com.tr\/en\/news\/","title":{"rendered":"News"},"content":{"rendered":"<p>[vc_row][vc_column][\/vc_column][\/vc_row][vc_section][vc_row][vc_column width=&#8221;1\/3&#8243; offset=&#8221;vc_hidden-sm vc_hidden-xs&#8221;][vc_wp_custommenu title=&#8221;About the Project&#8221; nav_menu=&#8221;21&#8243;][\/vc_column][vc_column offset=&#8221;vc_col-md-8&#8243;][vc_custom_heading text=&#8221;News&#8221; font_container=&#8221;tag:h4|text_align:left&#8221; google_fonts=&#8221;font_family:Fira%20Sans%3A300%2C300italic%2C400%2C400italic%2C500%2C500italic%2C700%2C700italic|font_style:400%20regular%3A400%3Anormal&#8221;][vc_column_text]<\/p>\n<ul>\n<li><a href=\"http:\/\/www.ergotoyol.com.tr\/en\/ankara-nigde-motorway-groundbreaking-ceremony\/\">Ankara &#8211; Ni\u011fde Motorway Groundbreaking Ceremony<\/a><\/li>\n<li><a href=\"http:\/\/www.ergotoyol.com.tr\/en\/concreting-of-the-bearing-foundations-of-derekisla-viaduct-have-began\/\">Concreting of the Bearing Foundations of Derek\u0131\u015fla Viaduct Have Began<\/a><\/li>\n<li>\n<p class=\"page-title\"><a href=\"http:\/\/www.ergotoyol.com.tr\/en\/the-signature-ceremony-for-the-ankara-nigde-motorway\/\">The Signature Ceremony for the Ankara \u2013 Ni\u011fde Motorway<\/a><\/p>\n<\/li>\n<\/ul>\n<p>[\/vc_column_text][\/vc_column][\/vc_row][\/vc_section][vc_row full_width=&#8221;stretch_row_content_no_spaces&#8221; css=&#8221;.vc_custom_1516828224548{background-image: url(http:\/\/www.ergotoyol.com.tr\/en\/wp-content\/uploads\/2018\/01\/calltoaction-bg.jpg?id=588) !important;background-position: center !important;background-repeat: no-repeat !important;background-size: cover !important;}&#8221;][vc_column][nur_cta_box button_text=&#8221;Start using!&#8221; button_class=&#8221;btn-secondary btn-large&#8221; el_class=&#8221;text-primary&#8221;]<\/p>\n<h2 style=\"text-align: center; color: #004f93;\">T\u00fcrkiye\u2019nin Kuzeyi ile G\u00fcneyini B\u0130RLE\u015eT\u0130R\u0130YORUZ!<\/h2>\n<p>[\/nur_cta_box][\/vc_column][\/vc_row]<\/p>\n","protected":false},"excerpt":{"rendered":"<p>[vc_row][vc_column][\/vc_column][\/vc_row][vc_section][vc_row][vc_column width=&#8221;1\/3&#8243; offset=&#8221;vc_hidden-sm vc_hidden-xs&#8221;][vc_wp_custommenu title=&#8221;About the Project&#8221; nav_menu=&#8221;21&#8243;][\/vc_column][vc_column offset=&#8221;vc_col-md-8&#8243;][vc_custom_heading text=&#8221;News&#8221; font_container=&#8221;tag:h4|text_align:left&#8221; google_fonts=&#8221;font_family:Fira%20Sans%3A300%2C300italic%2C400%2C400italic%2C500%2C500italic%2C700%2C700italic|font_style:400%20regular%3A400%3Anormal&#8221;][vc_column_text] Ankara &#8211; Ni\u011fde Motorway Groundbreaking Ceremony Concreting of the Bearing Foundations of Derek\u0131\u015fla Viaduct Have Began The Signature Ceremony for the Ankara \u2013 Ni\u011fde Motorway [\/vc_column_text][\/vc_column][\/vc_row][\/vc_section][vc_row full_width=&#8221;stretch_row_content_no_spaces&#8221; css=&#8221;.vc_custom_1516828224548{background-image: url(http:\/\/www.ergotoyol.com.tr\/en\/wp-content\/uploads\/2018\/01\/calltoaction-bg.jpg?id=588) !important;background-position: center !important;background-repeat: no-repeat !important;background-size: cover !important;}&#8221;][vc_column][nur_cta_box button_text=&#8221;Start using!&#8221; button_class=&#8221;btn-secondary btn-large&#8221; el_class=&#8221;text-primary&#8221;] T\u00fcrkiye\u2019nin Kuzeyi [&hellip;]<\/p>\n","protected":false},"author":1,"featured_media":0,"parent":0,"menu_order":0,"comment_status":"closed","ping_status":"closed","template":"","meta":{"footnotes":""},"class_list":["post-639","page","type-page","status-publish","hentry"],"_links":{"self":[{"href":"http:\/\/www.ergotoyol.com.tr\/en\/wp-json\/wp\/v2\/pages\/639","targetHints":{"allow":["GET"]}}],"collection":[{"href":"http:\/\/www.ergotoyol.com.tr\/en\/wp-json\/wp\/v2\/pages"}],"about":[{"href":"http:\/\/www.ergotoyol.com.tr\/en\/wp-json\/wp\/v2\/types\/page"}],"author":[{"embeddable":true,"href":"http:\/\/www.ergotoyol.com.tr\/en\/wp-json\/wp\/v2\/users\/1"}],"replies":[{"embeddable":true,"href":"http:\/\/www.ergotoyol.com.tr\/en\/wp-json\/wp\/v2\/comments?post=639"}],"version-history":[{"count":4,"href":"http:\/\/www.ergotoyol.com.tr\/en\/wp-json\/wp\/v2\/pages\/639\/revisions"}],"predecessor-version":[{"id":948,"href":"http:\/\/www.ergotoyol.com.tr\/en\/wp-json\/wp\/v2\/pages\/639\/revisions\/948"}],"wp:attachment":[{"href":"http:\/\/www.ergotoyol.com.tr\/en\/wp-json\/wp\/v2\/media?parent=639"}],"curies":[{"name":"wp","href":"https:\/\/api.w.org\/{rel}","templated":true}]}}