{"id":624,"date":"2018-01-24T23:09:18","date_gmt":"2018-01-24T20:09:18","guid":{"rendered":"http:\/\/www.ergotoyol.com.tr\/en\/?page_id=624"},"modified":"2020-08-28T12:28:39","modified_gmt":"2020-08-28T09:28:39","slug":"about-project","status":"publish","type":"page","link":"http:\/\/www.ergotoyol.com.tr\/en\/about-project\/","title":{"rendered":"About Project"},"content":{"rendered":"<p>[vc_section][vc_row][vc_column width=&#8221;1\/3&#8243; offset=&#8221;vc_hidden-sm vc_hidden-xs&#8221;][vc_wp_custommenu title=&#8221;ABOUT PROJECT&#8221; nav_menu=&#8221;21&#8243;][\/vc_column][vc_column offset=&#8221;vc_col-md-8&#8243;][vc_single_image image=&#8221;929&#8243; img_size=&#8221;full&#8221; css_animation=&#8221;fadeIn&#8221;][vc_custom_heading text=&#8221;ABOUT PROJECT&#8221; font_container=&#8221;tag:h4|text_align:left&#8221; google_fonts=&#8221;font_family:Fira%20Sans%3A300%2C300italic%2C400%2C400italic%2C500%2C500italic%2C700%2C700italic|font_style:400%20regular%3A400%3Anormal&#8221;][vc_column_text]The Ankara-Ni\u011fde Motorway is the unfinished section of the Trans-European Motorway (TEM) Highway, which also includes the \u015eanl\u0131urfa-Habur section planned to be constructed in the future, starting from Edirne, passing through Istanbul, following Bolu, Ankara and Pozanti to reach Adana and Gaziantep and ending at \u015eanl\u0131urfa.<\/p>\n<p>With the completion of the mentioned route, Turkey will be connected without any interruption from the North to the South. For this reason, this part which has remained in between is of great importance in terms of continuing the uninterrupted line. In addition to this, it is also important that the tourism points along the route (Tuzg\u00f6l\u00fc, Nev\u015fehir Derinkuyu, G\u00f6reme, Cappadocia, etc.) are also provided accessibility.<\/p>\n<p style=\"text-align: left;\">5 Viaducts, 16 Highway Junctions, 13 Highway Bridges, 19 Junction Bridges, 10 Access Road Junction Bridges, 8 Access Road Bridges, 74 Overpass Bridges, 120 Underpasses, 666 Culverts, 10 Service facility and 14 Toll Stations.<\/p>\n<p>[\/vc_column_text][vc_row_inner][vc_column_inner width=&#8221;1\/3&#8243;][nur_counter_box number_text=&#8221;5&#8243;]Viaduct[\/nur_counter_box][\/vc_column_inner][vc_column_inner width=&#8221;1\/3&#8243;][nur_counter_box number_text=&#8221;13&#8243;]\u0130ntersection[\/nur_counter_box][\/vc_column_inner][vc_column_inner width=&#8221;1\/3&#8243;][nur_counter_box number_text=&#8221;19&#8243;]Junction Bridge[\/nur_counter_box][\/vc_column_inner][\/vc_row_inner][vc_row_inner][vc_column_inner width=&#8221;1\/3&#8243;][nur_counter_box number_text=&#8221;74&#8243;]Overpass Bridge[\/nur_counter_box][\/vc_column_inner][vc_column_inner width=&#8221;1\/3&#8243;][nur_counter_box number_text=&#8221;666&#8243;]Culvert[\/nur_counter_box][\/vc_column_inner][vc_column_inner width=&#8221;1\/3&#8243;][nur_counter_box number_text=&#8221;120&#8243;]Underpass[\/nur_counter_box][\/vc_column_inner][\/vc_row_inner][\/vc_column][\/vc_row][\/vc_section][vc_row full_width=&#8221;stretch_row_content_no_spaces&#8221; css=&#8221;.vc_custom_1516828224548{background-image: url(http:\/\/www.ergotoyol.com.tr\/en\/wp-content\/uploads\/2018\/01\/calltoaction-bg.jpg?id=588) !important;background-position: center !important;background-repeat: no-repeat !important;background-size: cover !important;}&#8221;][vc_column][nur_cta_box button_text=&#8221;Start using!&#8221; button_class=&#8221;btn-secondary btn-large&#8221; el_class=&#8221;text-primary&#8221;]<\/p>\n<h2 style=\"text-align: center; color: #004f93;\"><span id=\":34.co\" class=\"tL8wMe EMoHub\" dir=\"ltr\">We are Connecting North with South<\/span><\/h2>\n<p>[\/nur_cta_box][\/vc_column][\/vc_row]<\/p>\n","protected":false},"excerpt":{"rendered":"<p>[vc_section][vc_row][vc_column width=&#8221;1\/3&#8243; offset=&#8221;vc_hidden-sm vc_hidden-xs&#8221;][vc_wp_custommenu title=&#8221;ABOUT PROJECT&#8221; nav_menu=&#8221;21&#8243;][\/vc_column][vc_column offset=&#8221;vc_col-md-8&#8243;][vc_single_image image=&#8221;929&#8243; img_size=&#8221;full&#8221; css_animation=&#8221;fadeIn&#8221;][vc_custom_heading text=&#8221;ABOUT PROJECT&#8221; font_container=&#8221;tag:h4|text_align:left&#8221; google_fonts=&#8221;font_family:Fira%20Sans%3A300%2C300italic%2C400%2C400italic%2C500%2C500italic%2C700%2C700italic|font_style:400%20regular%3A400%3Anormal&#8221;][vc_column_text]The Ankara-Ni\u011fde Motorway is the unfinished section of the Trans-European Motorway (TEM) Highway, which also includes the \u015eanl\u0131urfa-Habur section planned to be constructed in the future, starting from Edirne, passing through Istanbul, following Bolu, Ankara and Pozanti to reach Adana and [&hellip;]<\/p>\n","protected":false},"author":1,"featured_media":0,"parent":0,"menu_order":0,"comment_status":"closed","ping_status":"closed","template":"","meta":{"footnotes":""},"class_list":["post-624","page","type-page","status-publish","hentry"],"_links":{"self":[{"href":"http:\/\/www.ergotoyol.com.tr\/en\/wp-json\/wp\/v2\/pages\/624","targetHints":{"allow":["GET"]}}],"collection":[{"href":"http:\/\/www.ergotoyol.com.tr\/en\/wp-json\/wp\/v2\/pages"}],"about":[{"href":"http:\/\/www.ergotoyol.com.tr\/en\/wp-json\/wp\/v2\/types\/page"}],"author":[{"embeddable":true,"href":"http:\/\/www.ergotoyol.com.tr\/en\/wp-json\/wp\/v2\/users\/1"}],"replies":[{"embeddable":true,"href":"http:\/\/www.ergotoyol.com.tr\/en\/wp-json\/wp\/v2\/comments?post=624"}],"version-history":[{"count":10,"href":"http:\/\/www.ergotoyol.com.tr\/en\/wp-json\/wp\/v2\/pages\/624\/revisions"}],"predecessor-version":[{"id":1059,"href":"http:\/\/www.ergotoyol.com.tr\/en\/wp-json\/wp\/v2\/pages\/624\/revisions\/1059"}],"wp:attachment":[{"href":"http:\/\/www.ergotoyol.com.tr\/en\/wp-json\/wp\/v2\/media?parent=624"}],"curies":[{"name":"wp","href":"https:\/\/api.w.org\/{rel}","templated":true}]}}