{"id":6,"date":"2017-09-30T09:51:40","date_gmt":"2017-09-30T09:51:40","guid":{"rendered":"https:\/\/import.brothersthemes.com\/nur\/?page_id=6"},"modified":"2018-02-08T16:46:01","modified_gmt":"2018-02-08T13:46:01","slug":"home-1","status":"publish","type":"page","link":"http:\/\/www.ergotoyol.com.tr\/en\/","title":{"rendered":"Home"},"content":{"rendered":"<p>[vc_row full_width=&#8221;stretch_row_content_no_spaces&#8221;][vc_column][rev_slider_vc alias=&#8221;home-slider-1&#8243;][\/vc_column][\/vc_row][vc_section css=&#8221;.vc_custom_1504726400091{padding-top: 80px !important;}&#8221;][vc_row][vc_column width=&#8221;2\/3&#8243; offset=&#8221;vc_col-md-offset-0 vc_col-md-5 vc_col-sm-offset-2&#8243;][nur_section_heading decoration=&#8221;line&#8221; el_class=&#8221;ml-md-0 text-center text-md-left&#8221;]<\/p>\n<h2>Welcome<\/h2>\n<p>The Ankara-Ni\u011fde Motorway is the unfinished section of the Trans-European Motorway (TEM) Highway, which also includes the \u015eanl\u0131urfa-Habur section planned to be constructed in the future, starting from Edirne, passing through Istanbul, following Bolu, Ankara and Pozanti to reach Adana and Gaziantep and ending at \u015eanl\u0131urfa.<u><\/u><u><\/u>[\/nur_section_heading][\/vc_column][vc_column offset=&#8221;vc_col-lg-offset-1 vc_col-lg-6 vc_col-md-offset-0 vc_col-md-7 vc_col-sm-offset-0&#8243;][vc_column_text]With the completion of the mentioned route, Turkey will be connected without any interruption from the North to the South. For this reason, this part which has remained in between is of great importance in terms of continuing the uninterrupted line. In addition to this, it is also important that the tourism points along the route (Tuzg\u00f6l\u00fc, Nev\u015fehir Derinkuyu, G\u00f6reme, Cappadocia, etc.) are also provided accessibility.<u><\/u><u><\/u>[\/vc_column_text][\/vc_column][\/vc_row][\/vc_section][vc_section parallax=&#8221;scroll&#8221; parallax_speed_bg=&#8221;0.75&#8243; css=&#8221;.vc_custom_1509577376338{padding-top: 0px !important;padding-bottom: 0px !important;background-image: url(http:\/\/www.ergotoyol.com.tr\/en\/wp-content\/uploads\/2017\/09\/clouds-1923545.jpg?id=138) !important;}&#8221;][vc_row parallax=&#8221;scroll&#8221; parallax_speed_bg=&#8221;0.75&#8243;][vc_column][nur_cta_box layout=&#8221;horizontal image-middle&#8221; image_size=&#8221;372&#215;200&#8243; button_text=&#8221;Get IN Touch&#8221; button_href=&#8221;http:\/\/www.ergotoyol.com.tr\/en\/contact\/&#8221; image_id=&#8221;558&#8243; css=&#8221;.vc_custom_1518097633188{padding-top: 30px !important;padding-bottom: 30px !important;}&#8221;]<\/p>\n<h2><span style=\"color: #0077bd;\"><span id=\":4t.co\" class=\"tL8wMe EMoHub\" dir=\"ltr\">We are Connecting<br \/>\nNorth with South<\/span><\/span><\/h2>\n<p>[\/nur_cta_box][\/vc_column][\/vc_row][\/vc_section][vc_section css=&#8221;.vc_custom_1516824881813{background: #f9f9f9 url(http:\/\/www.ergotoyol.com.tr\/en\/wp-content\/uploads\/2018\/01\/home-sectionbg.jpg?id=580) !important;background-position: center !important;background-repeat: no-repeat !important;background-size: cover !important;}&#8221;][vc_row][vc_column][nur_section_heading decoration=&#8221;line&#8221;]<\/p>\n<h2 style=\"text-align: center;\">PROJECT INFORMATION<\/h2>\n<p id=\"tw-target-text\" class=\"tw-data-text tw-ta tw-text-medium\" dir=\"ltr\" style=\"text-align: center;\" data-placeholder=\"\u00c7eviri\"><span lang=\"en\">It is an important transportation investment for our country which aims to provide high standard, safe, high quality and uninterrupted transportation with economic, cultural, touristic and social dimension.<\/span><\/p>\n<p>[\/nur_section_heading][vc_row_inner][vc_column_inner width=&#8221;1\/3&#8243;][vc_raw_html]JTA5JTA5JTA5JTA5JTA5JTNDZGl2JTIwY2xhc3MlM0QlMjJzZXJ2aWNlLWNhcmQlMjIlM0UlMEElMDklMDklMDklMDklMDklMDklM0NhJTIwaHJlZiUzRCUyMmh0dHAlM0ElMkYlMkZ3d3cuZXJnb3RveW9sLmNvbS50ciUyRmVuJTJGdmlkZW8tZ2FsbGVyeSUyRiUyMiUyMHJlbCUzRCUyMmJvb2ttYXJrJTIyJTNFJTBBJTA5JTA5JTA5JTA5JTA5JTA5JTA5JTNDZGl2JTIwY2xhc3MlM0QlMjJzZXJ2aWNlLWNhcmQtaW1hZ2UlMjIlM0UlMEElMDklMDklMDklMDklMDklMDklMDklMDklM0NpbWclMjB3aWR0aCUzRCUyMjQ4MCUyMiUyMGhlaWdodCUzRCUyMjMyMCUyMiUyMHNyYyUzRCUyMmh0dHAlM0ElMkYlMkZ3d3cuZXJnb3RveW9sLmNvbS50ciUyRmVuJTJGd3AtY29udGVudCUyRnVwbG9hZHMlMkYyMDE3JTJGMTAlMkZob21lLXZpZGVvZ2FsZXJpLTQ4MHgzMjAuanBnJTIyJTIwY2xhc3MlM0QlMjJhdHRhY2htZW50LW51cl9zbWFsbCUyMHNpemUtbnVyX3NtYWxsJTIwd3AtcG9zdC1pbWFnZSUyMiUyMGFsdCUzRCUyMiUyMiUyMHNyY3NldCUzRCUyMmh0dHAlM0ElMkYlMkZ3d3cuZXJnb3RveW9sLmNvbS50ciUyRmVuJTJGd3AtY29udGVudCUyRnVwbG9hZHMlMkYyMDE3JTJGMTAlMkZob21lLXZpZGVvZ2FsZXJpLTQ4MHgzMjAuanBnJTIwNDgwdyUyQyUyMGh0dHAlM0ElMkYlMkZ3d3cuZXJnb3RveW9sLmNvbS50ciUyRmVuJTJGd3AtY29udGVudCUyRnVwbG9hZHMlMkYyMDE3JTJGMTAlMkZob21lLXZpZGVvZ2FsZXJpLTMwMHgyMDAuanBnJTIwMzAwdyUyQyUyMGh0dHAlM0ElMkYlMkZ3d3cuZXJnb3RveW9sLmNvbS50ciUyRmVuJTJGd3AtY29udGVudCUyRnVwbG9hZHMlMkYyMDE3JTJGMTAlMkZob21lLXZpZGVvZ2FsZXJpLTc2OHg1MTIuanBnJTIwNzY4dyUyQyUyMGh0dHAlM0ElMkYlMkZ3d3cuZXJnb3RveW9sLmNvbS50ciUyRmVuJTJGd3AtY29udGVudCUyRnVwbG9hZHMlMkYyMDE3JTJGMTAlMkZob21lLXZpZGVvZ2FsZXJpLTEzM3g4OS5qcGclMjAxMzN3JTJDJTIwaHR0cCUzQSUyRiUyRnd3dy5lcmdvdG95b2wuY29tLnRyJTJGZW4lMkZ3cC1jb250ZW50JTJGdXBsb2FkcyUyRjIwMTclMkYxMCUyRmhvbWUtdmlkZW9nYWxlcmktMjM1eDE1Ny5qcGclMjAyMzV3JTJDJTIwaHR0cCUzQSUyRiUyRnd3dy5lcmdvdG95b2wuY29tLnRyJTJGZW4lMkZ3cC1jb250ZW50JTJGdXBsb2FkcyUyRjIwMTclMkYxMCUyRmhvbWUtdmlkZW9nYWxlcmktNzQweDQ5My5qcGclMjA3NDB3JTJDJTIwaHR0cCUzQSUyRiUyRnd3dy5lcmdvdG95b2wuY29tLnRyJTJGZW4lMkZ3cC1jb250ZW50JTJGdXBsb2FkcyUyRjIwMTclMkYxMCUyRmhvbWUtdmlkZW9nYWxlcmkuanBnJTIwMTAyM3clMjIlMjBzaXplcyUzRCUyMiUyOG1heC13aWR0aCUzQSUyMDQ4MHB4JTI5JTIwMTAwdnclMkMlMjA0ODBweCUyMiUzRSUwQSUwOSUwOSUwOSUwOSUwOSUwOSUwOSUzQyUyRmRpdiUzRSUwQSUwOSUwOSUwOSUwOSUwOSUwOSUwOSUzQ2g0JTIwY2xhc3MlM0QlMjJzZXJ2aWNlLWNhcmQtdGl0bGUlMjIlM0VWaWRlbyUyMEdhbGxlcnklM0MlMkZoNCUzRSUwQSUwOSUwOSUwOSUwOSUwOSUwOSUzQyUyRmElM0UlMEElMDklMDklMDklMDklMDklM0MlMkZkaXYlM0U=[\/vc_raw_html][\/vc_column_inner][vc_column_inner width=&#8221;1\/3&#8243;][vc_raw_html]JTA5JTA5JTA5JTA5JTA5JTNDZGl2JTIwY2xhc3MlM0QlMjJzZXJ2aWNlLWNhcmQlMjIlM0UlMEElMDklMDklMDklMDklMDklMDklM0NhJTIwaHJlZiUzRCUyMmh0dHAlM0ElMkYlMkZ3d3cuZXJnb3RveW9sLmNvbS50ciUyRmVuJTJGY29tcGxhaW50LWFuZC1zdWdnZXN0aW9uJTJGJTIyJTIwcmVsJTNEJTIyYm9va21hcmslMjIlM0UlMEElMDklMDklMDklMDklMDklMDklMDklM0NkaXYlMjBjbGFzcyUzRCUyMnNlcnZpY2UtY2FyZC1pbWFnZSUyMiUzRSUwQSUwOSUwOSUwOSUwOSUwOSUwOSUwOSUwOSUzQ2ltZyUyMHdpZHRoJTNEJTIyNDgwJTIyJTIwaGVpZ2h0JTNEJTIyMzIwJTIyJTIwc3JjJTNEJTIyaHR0cCUzQSUyRiUyRnd3dy5lcmdvdG95b2wuY29tLnRyJTJGZW4lMkZ3cC1jb250ZW50JTJGdXBsb2FkcyUyRjIwMTglMkYwMSUyRmhvbWUtc2lrYXlldHZlb25lcmkuanBnJTIyJTIwY2xhc3MlM0QlMjJhdHRhY2htZW50LW51cl9zbWFsbCUyMHNpemUtbnVyX3NtYWxsJTIwd3AtcG9zdC1pbWFnZSUyMiUyMGFsdCUzRCUyMiUyMiUyMHNyY3NldCUzRCUyMmh0dHAlM0ElMkYlMkZ3d3cuZXJnb3RveW9sLmNvbS50ciUyRmVuJTJGd3AtY29udGVudCUyRnVwbG9hZHMlMkYyMDE4JTJGMDElMkZob21lLXNpa2F5ZXR2ZW9uZXJpLTQ4MHgzMjAuanBnJTIwNDgwdyUyQyUyMGh0dHAlM0ElMkYlMkZ3d3cuZXJnb3RveW9sLmNvbS50ciUyRmVuJTJGd3AtY29udGVudCUyRnVwbG9hZHMlMkYyMDE4JTJGMDElMkZob21lLXNpa2F5ZXR2ZW9uZXJpLTMwMHgyMDAuanBnJTIwMzAwdyUyQyUyMGh0dHAlM0ElMkYlMkZ3d3cuZXJnb3RveW9sLmNvbS50ciUyRmVuJTJGd3AtY29udGVudCUyRnVwbG9hZHMlMkYyMDE4JTJGMDElMkZob21lLXNpa2F5ZXR2ZW9uZXJpLTc2OHg1MTIuanBnJTIwNzY4dyUyQyUyMGh0dHAlM0ElMkYlMkZ3d3cuZXJnb3RveW9sLmNvbS50ciUyRmVuJTJGd3AtY29udGVudCUyRnVwbG9hZHMlMkYyMDE4JTJGMDElMkZob21lLXNpa2F5ZXR2ZW9uZXJpLTEzM3g4OS5qcGclMjAxMzN3JTJDJTIwaHR0cCUzQSUyRiUyRnd3dy5lcmdvdG95b2wuY29tLnRyJTJGZW4lMkZ3cC1jb250ZW50JTJGdXBsb2FkcyUyRjIwMTglMkYwMSUyRmhvbWUtc2lrYXlldHZlb25lcmktMjM1eDE1Ny5qcGclMjAyMzV3JTJDJTIwaHR0cCUzQSUyRiUyRnd3dy5lcmdvdG95b2wuY29tLnRyJTJGZW4lMkZ3cC1jb250ZW50JTJGdXBsb2FkcyUyRjIwMTglMkYwMSUyRmhvbWUtc2lrYXlldHZlb25lcmktNzQweDQ5My5qcGclMjA3NDB3JTJDJTIwaHR0cCUzQSUyRiUyRnd3dy5lcmdvdG95b2wuY29tLnRyJTJGZW4lMkZ3cC1jb250ZW50JTJGdXBsb2FkcyUyRjIwMTglMkYwMSUyRmhvbWUtc2lrYXlldHZlb25lcmkuanBnJTIwMTAyM3clMjIlMjBzaXplcyUzRCUyMiUyOG1heC13aWR0aCUzQSUyMDQ4MHB4JTI5JTIwMTAwdnclMkMlMjA0ODBweCUyMiUzRSUwQSUwOSUwOSUwOSUwOSUwOSUwOSUwOSUzQyUyRmRpdiUzRSUwQSUwOSUwOSUwOSUwOSUwOSUwOSUwOSUzQ2g0JTIwY2xhc3MlM0QlMjJzZXJ2aWNlLWNhcmQtdGl0bGUlMjIlM0VDb21wbGFpbnQlMjBhbmQlMjBTdWdnZXN0aW9uJTNDJTJGaDQlM0UlMEElMDklMDklMDklMDklMDklMDklM0MlMkZhJTNFJTBBJTA5JTA5JTA5JTA5JTA5JTNDJTJGZGl2JTNF[\/vc_raw_html][\/vc_column_inner][vc_column_inner width=&#8221;1\/3&#8243;][vc_raw_html]JTA5JTA5JTA5JTA5JTA5JTNDZGl2JTIwY2xhc3MlM0QlMjJzZXJ2aWNlLWNhcmQlMjIlM0UlMEElMDklMDklMDklMDklMDklMDklM0NhJTIwaHJlZiUzRCUyMmh0dHAlM0ElMkYlMkZ3d3cuZXJnb3RveW9sLmNvbS50ciUyRmVuJTJGbmV3cyUyRiUyMiUyMHJlbCUzRCUyMmJvb2ttYXJrJTIyJTNFJTBBJTA5JTA5JTA5JTA5JTA5JTA5JTA5JTNDZGl2JTIwY2xhc3MlM0QlMjJzZXJ2aWNlLWNhcmQtaW1hZ2UlMjIlM0UlMEElMDklMDklMDklMDklMDklMDklMDklMDklM0NpbWclMjB3aWR0aCUzRCUyMjQ4MCUyMiUyMGhlaWdodCUzRCUyMjMyMCUyMiUyMHNyYyUzRCUyMmh0dHAlM0ElMkYlMkZ3d3cuZXJnb3RveW9sLmNvbS50ciUyRmVuJTJGd3AtY29udGVudCUyRnVwbG9hZHMlMkYyMDE4JTJGMDElMkZob21lLWJpemRlbmhhYmVybGVyLmpwZyUyMiUyMGNsYXNzJTNEJTIyYXR0YWNobWVudC1udXJfc21hbGwlMjBzaXplLW51cl9zbWFsbCUyMHdwLXBvc3QtaW1hZ2UlMjIlMjBhbHQlM0QlMjIlMjIlMjBzcmNzZXQlM0QlMjJodHRwJTNBJTJGJTJGd3d3LmVyZ290b3lvbC5jb20udHIlMkZlbiUyRndwLWNvbnRlbnQlMkZ1cGxvYWRzJTJGMjAxOCUyRjAxJTJGaG9tZS1iaXpkZW5oYWJlcmxlci00ODB4MzIwLmpwZyUyMDQ4MHclMkMlMjBodHRwJTNBJTJGJTJGd3d3LmVyZ290b3lvbC5jb20udHIlMkZlbiUyRndwLWNvbnRlbnQlMkZ1cGxvYWRzJTJGMjAxOCUyRjAxJTJGaG9tZS1iaXpkZW5oYWJlcmxlci0zMDB4MjAwLmpwZyUyMDMwMHclMkMlMjBodHRwJTNBJTJGJTJGd3d3LmVyZ290b3lvbC5jb20udHIlMkZlbiUyRndwLWNvbnRlbnQlMkZ1cGxvYWRzJTJGMjAxOCUyRjAxJTJGaG9tZS1iaXpkZW5oYWJlcmxlci03Njh4NTEyLmpwZyUyMDc2OHclMkMlMjBodHRwJTNBJTJGJTJGd3d3LmVyZ290b3lvbC5jb20udHIlMkZlbiUyRndwLWNvbnRlbnQlMkZ1cGxvYWRzJTJGMjAxOCUyRjAxJTJGaG9tZS1iaXpkZW5oYWJlcmxlci0xMzN4ODkuanBnJTIwMTMzdyUyQyUyMGh0dHAlM0ElMkYlMkZ3d3cuZXJnb3RveW9sLmNvbS50ciUyRmVuJTJGd3AtY29udGVudCUyRnVwbG9hZHMlMkYyMDE4JTJGMDElMkZob21lLWJpemRlbmhhYmVybGVyLTIzNXgxNTcuanBnJTIwMjM1dyUyQyUyMGh0dHAlM0ElMkYlMkZ3d3cuZXJnb3RveW9sLmNvbS50ciUyRmVuJTJGd3AtY29udGVudCUyRnVwbG9hZHMlMkYyMDE4JTJGMDElMkZob21lLWJpemRlbmhhYmVybGVyLTc0MHg0OTMuanBnJTIwNzQwdyUyQyUyMGh0dHAlM0ElMkYlMkZ3d3cuZXJnb3RveW9sLmNvbS50ciUyRmVuJTJGd3AtY29udGVudCUyRnVwbG9hZHMlMkYyMDE4JTJGMDElMkZob21lLWJpemRlbmhhYmVybGVyLmpwZyUyMDEwMjN3JTIyJTIwc2l6ZXMlM0QlMjIlMjhtYXgtd2lkdGglM0ElMjA0ODBweCUyOSUyMDEwMHZ3JTJDJTIwNDgwcHglMjIlM0UlMEElMDklMDklMDklMDklMDklMDklMDklM0MlMkZkaXYlM0UlMEElMDklMDklMDklMDklMDklMDklMDklM0NoNCUyMGNsYXNzJTNEJTIyc2VydmljZS1jYXJkLXRpdGxlJTIyJTNFTmV3cyUzQyUyRmg0JTNFJTBBJTA5JTA5JTA5JTA5JTA5JTA5JTNDJTJGYSUzRSUwQSUwOSUwOSUwOSUwOSUwOSUzQyUyRmRpdiUzRQ==[\/vc_raw_html][\/vc_column_inner][\/vc_row_inner][\/vc_column][\/vc_row][\/vc_section]<\/p>\n","protected":false},"excerpt":{"rendered":"<p>[vc_row full_width=&#8221;stretch_row_content_no_spaces&#8221;][vc_column][rev_slider_vc alias=&#8221;home-slider-1&#8243;][\/vc_column][\/vc_row][vc_section css=&#8221;.vc_custom_1504726400091{padding-top: 80px !important;}&#8221;][vc_row][vc_column width=&#8221;2\/3&#8243; offset=&#8221;vc_col-md-offset-0 vc_col-md-5 vc_col-sm-offset-2&#8243;][nur_section_heading decoration=&#8221;line&#8221; el_class=&#8221;ml-md-0 text-center text-md-left&#8221;] Welcome The Ankara-Ni\u011fde Motorway is the unfinished section of the Trans-European Motorway (TEM) Highway, which also includes the \u015eanl\u0131urfa-Habur section planned to be constructed in the future, starting from Edirne, passing through Istanbul, following Bolu, Ankara and Pozanti to reach Adana [&hellip;]<\/p>\n","protected":false},"author":1,"featured_media":0,"parent":0,"menu_order":0,"comment_status":"closed","ping_status":"closed","template":"","meta":{"footnotes":""},"class_list":["post-6","page","type-page","status-publish","hentry"],"_links":{"self":[{"href":"http:\/\/www.ergotoyol.com.tr\/en\/wp-json\/wp\/v2\/pages\/6","targetHints":{"allow":["GET"]}}],"collection":[{"href":"http:\/\/www.ergotoyol.com.tr\/en\/wp-json\/wp\/v2\/pages"}],"about":[{"href":"http:\/\/www.ergotoyol.com.tr\/en\/wp-json\/wp\/v2\/types\/page"}],"author":[{"embeddable":true,"href":"http:\/\/www.ergotoyol.com.tr\/en\/wp-json\/wp\/v2\/users\/1"}],"replies":[{"embeddable":true,"href":"http:\/\/www.ergotoyol.com.tr\/en\/wp-json\/wp\/v2\/comments?post=6"}],"version-history":[{"count":10,"href":"http:\/\/www.ergotoyol.com.tr\/en\/wp-json\/wp\/v2\/pages\/6\/revisions"}],"predecessor-version":[{"id":909,"href":"http:\/\/www.ergotoyol.com.tr\/en\/wp-json\/wp\/v2\/pages\/6\/revisions\/909"}],"wp:attachment":[{"href":"http:\/\/www.ergotoyol.com.tr\/en\/wp-json\/wp\/v2\/media?parent=6"}],"curies":[{"name":"wp","href":"https:\/\/api.w.org\/{rel}","templated":true}]}}