{"id":17,"date":"2017-10-01T19:19:17","date_gmt":"2017-10-01T19:19:17","guid":{"rendered":"https:\/\/import.brothersthemes.com\/nur\/?page_id=17"},"modified":"2018-02-08T15:32:16","modified_gmt":"2018-02-08T12:32:16","slug":"corporate","status":"publish","type":"page","link":"http:\/\/www.ergotoyol.com.tr\/en\/corporate\/","title":{"rendered":"Corporate"},"content":{"rendered":"<p>[vc_section el_class=&#8221;city-bg&#8221;][vc_row][vc_column width=&#8221;1\/4&#8243;][vc_wp_custommenu nav_menu=&#8221;25&#8243; title=&#8221;CORPORATE&#8221;][\/vc_column][vc_column width=&#8221;3\/4&#8243;][vc_column_text]<strong>CORPORATE<\/strong><\/p>\n<p>ERG Otoyol Yat\u0131r\u0131m ve \u0130\u015fletme A.\u015e. acts in line with its corporate values\u00a0and business principles in all its areas of operation.<\/p>\n<p>The corporate values\u00a0of ERG Otoyol Yat\u0131r\u0131m ve\u00a0\u0130\u015fletme A.\u015e.<\/p>\n<ul>\n<li>Customer focus,<\/li>\n<li>Honesty and Transparency,<\/li>\n<li>Reliability,<\/li>\n<li>Determination to succeed and result-oriented,<\/li>\n<li>Being responsible and taking initiative,<\/li>\n<li>Social Responsibility Consciousness,<\/li>\n<li>Constant improvement determination and will.<\/li>\n<\/ul>\n<p>[\/vc_column_text][vc_row_inner][vc_column_inner width=&#8221;1\/2&#8243;][vc_column_text]<strong>VISION<\/strong><\/p>\n<p>ERG Otoyol Yat\u0131r\u0131m ve \u0130\u015fletme A.\u015e. vision; With a sustainable growth potential, it will continue to provide added value to the country&#8217;s economy and its stakeholders while maintaining the high level of customer satisfaction provided by the business discipline and management that it has shown in the project it is conducting.[\/vc_column_text][\/vc_column_inner][vc_column_inner width=&#8221;1\/2&#8243;][vc_column_text]<strong>MISSION<\/strong><\/p>\n<p>ERG Otoyol Yat\u0131r\u0131m ve \u0130\u015fletme A.\u015e. mission; To meet the expectations of the customers, employees and stakeholders at the highest level by synchronizing the engineering technologies and management sciences in the motorway sector in a way that will create value and with quality, health, safety and environmentally sensitive corporate values\u00a0 depending on the individual, collective respect, law, economic and moral principles.[\/vc_column_text][\/vc_column_inner][\/vc_row_inner][\/vc_column][\/vc_row][\/vc_section][vc_row full_width=&#8221;stretch_row_content_no_spaces&#8221; css=&#8221;.vc_custom_1516825627042{background-image: url(http:\/\/www.ergotoyol.com.tr\/en\/wp-content\/uploads\/2018\/01\/calltoaction-bg.jpg?id=588) !important;background-position: center !important;background-repeat: no-repeat !important;background-size: cover !important;}&#8221;][vc_column][nur_cta_box button_text=&#8221;&#8221; button_href=&#8221;&#8221; button_class=&#8221;&#8221;]<\/p>\n<h2 style=\"text-align: center; color: #004f93;\"><span id=\":34.co\" class=\"tL8wMe EMoHub\" dir=\"ltr\">We are Connecting North with South<\/span><\/h2>\n<p>[\/nur_cta_box][\/vc_column][\/vc_row]<\/p>\n","protected":false},"excerpt":{"rendered":"<p>[vc_section el_class=&#8221;city-bg&#8221;][vc_row][vc_column width=&#8221;1\/4&#8243;][vc_wp_custommenu nav_menu=&#8221;25&#8243; title=&#8221;CORPORATE&#8221;][\/vc_column][vc_column width=&#8221;3\/4&#8243;][vc_column_text]CORPORATE ERG Otoyol Yat\u0131r\u0131m ve \u0130\u015fletme A.\u015e. acts in line with its corporate values\u00a0and business principles in all its areas of operation. The corporate values\u00a0of ERG Otoyol Yat\u0131r\u0131m ve\u00a0\u0130\u015fletme A.\u015e. Customer focus, Honesty and Transparency, Reliability, Determination to succeed and result-oriented, Being responsible and taking initiative, Social Responsibility Consciousness, Constant [&hellip;]<\/p>\n","protected":false},"author":1,"featured_media":0,"parent":0,"menu_order":0,"comment_status":"closed","ping_status":"closed","template":"","meta":{"footnotes":""},"class_list":["post-17","page","type-page","status-publish","hentry"],"_links":{"self":[{"href":"http:\/\/www.ergotoyol.com.tr\/en\/wp-json\/wp\/v2\/pages\/17","targetHints":{"allow":["GET"]}}],"collection":[{"href":"http:\/\/www.ergotoyol.com.tr\/en\/wp-json\/wp\/v2\/pages"}],"about":[{"href":"http:\/\/www.ergotoyol.com.tr\/en\/wp-json\/wp\/v2\/types\/page"}],"author":[{"embeddable":true,"href":"http:\/\/www.ergotoyol.com.tr\/en\/wp-json\/wp\/v2\/users\/1"}],"replies":[{"embeddable":true,"href":"http:\/\/www.ergotoyol.com.tr\/en\/wp-json\/wp\/v2\/comments?post=17"}],"version-history":[{"count":5,"href":"http:\/\/www.ergotoyol.com.tr\/en\/wp-json\/wp\/v2\/pages\/17\/revisions"}],"predecessor-version":[{"id":889,"href":"http:\/\/www.ergotoyol.com.tr\/en\/wp-json\/wp\/v2\/pages\/17\/revisions\/889"}],"wp:attachment":[{"href":"http:\/\/www.ergotoyol.com.tr\/en\/wp-json\/wp\/v2\/media?parent=17"}],"curies":[{"name":"wp","href":"https:\/\/api.w.org\/{rel}","templated":true}]}}